{"id":130,"date":"2021-07-23T14:14:28","date_gmt":"2021-07-23T14:14:28","guid":{"rendered":"https:\/\/lemautomation.com\/?page_id=130"},"modified":"2021-12-08T10:51:43","modified_gmt":"2021-12-08T15:51:43","slug":"confidentialite","status":"publish","type":"page","link":"https:\/\/vwgrs6j09qz.c.updraftclone.com\/fr\/confidentialite\/","title":{"rendered":"Politique de confidentialit\u00e9"},"content":{"rendered":"\n<p><strong>Confidentialit\u00e9<\/strong><\/p>\n\n\n\n<p>Lem Technologies prend les questions de confidentialit\u00e9 tr\u00e8s au s\u00e9rieux et toutes les mesures n\u00e9cessaires pour assurer la confidentialit\u00e9 des informations qui vous concernent personnellement.<\/p>\n\n\n\n<p>Par \u00ab&nbsp;renseignement personnel&nbsp;\u00bb, nous entendons tout renseignement sur vous que vous nous fournissez volontairement et qui est utilis\u00e9 pour vous identifier.<\/p>\n\n\n\n<p><strong>Protection de votre information<\/strong><\/p>\n\n\n\n<p>Les renseignements personnels recueillis par www.lemautomatisation.com sont strictement confidentiels. Les seuls employ\u00e9s ayant acc\u00e8s \u00e0 ces renseignements personnels sont ceux qui sont autoris\u00e9s \u00e0 traiter les questions ou demandes qui concernent les informations fournies. Sauf obligation de fournir un service auquel vous \u00eates inscrit ou pour donner effet \u00e0 une ordonnance du tribunal, les informations personnelles ne seront jamais rendues publiques ou vendues ni communiqu\u00e9es \u00e0 des tiers sans votre consentement. Lem Technologies applique diff\u00e9rentes r\u00e8gles pour prot\u00e9ger vos renseignements personnels. Nous ne divulguons pas d\u2019informations sur nos membres sans leur consentement.<\/p>\n\n\n\n<p><strong>Pourquoi recueillons-nous des renseignements personnels sur ce site&nbsp;?<\/strong><\/p>\n\n\n\n<p>Les renseignements personnels que nous recueillons sur vous sur www.lemautomatisation.com sont utilis\u00e9s pour traiter les demandes en ligne que vous nous adressez.<\/p>\n\n\n\n<p><strong>Renseignements recueillis automatiquement<\/strong><\/p>\n\n\n\n<p>Les \u00ab&nbsp;cookies&nbsp;\u00bb, ou t\u00e9moins, sont de petits fichiers textes qui s\u2019incorporent dans votre disque dur \u00e0 partir de certaines pages web. Les t\u00e9moins sont inoffensifs en ce qu\u2019ils ne peuvent pas extraire des informations de votre disque dur, sur lequel vous avez le plein contr\u00f4le. www.lemautomatisation.com utilise des t\u00e9moins afin notamment d\u2019\u00e9tablir l\u2019achalandage de ce site, de transmettre des informations utiles \u00e0 notre marketing et de personnaliser l\u2019utilisation future que vous ferez de notre site. Cette technologie ne met pas syst\u00e9matiquement \u00e0 la disposition de Lem Technologies des informations personnelles vous concernant. Les fournisseurs tiers, y compris Google, diffusent nos annonces sur des sites web. Les fournisseurs tiers, y compris Google, utilisent des cookies pour diffuser des annonces en fonction des visites ant\u00e9rieures des internautes sur ce site. Vous pouvez d\u00e9sactiver l\u2019utilisation des cookies par Google via la page [Publicit\u00e9 et confidentialit\u00e9].<\/p>\n\n\n\n<p><strong>Liens vers des sites tiers<\/strong><\/p>\n\n\n\n<p>Pour votre commodit\u00e9, www.lemautomatisation.com fournit des liens vers les sites de tiers ou des sections de leurs sites. Cependant, Lem Technologies n\u2019a aucun contr\u00f4le sur le contenu ou le fonctionnement de ces sites, ni ne contr\u00f4le la confidentialit\u00e9 ou des pratiques de confidentialit\u00e9 des exploitants de ces sites. Par cons\u00e9quent, toutes les informations personnelles que vous transmettez par l\u2019interm\u00e9diaire de ces sites sont r\u00e9gies par les politiques des sites en question en mati\u00e8re de vie priv\u00e9e. Il est donc de votre responsabilit\u00e9 de vous renseigner sur leurs politiques afin de prot\u00e9ger les donn\u00e9es qui vous concernent.<\/p>\n\n\n\n<p><strong>Politique de courriel<\/strong><\/p>\n\n\n\n<p>Lem Technologies ne fait aucune sollicitation pour obtenir des informations personnelles et confidentielles par courriel ou autrement.<\/p>\n","protected":false},"excerpt":{"rendered":"<p>Confidentialit\u00e9 Lem Technologies prend les questions de confidentialit\u00e9 tr\u00e8s au s\u00e9rieux et toutes les mesures n\u00e9cessaires pour assurer la confidentialit\u00e9 des informations qui vous concernent personnellement. Par \u00ab&nbsp;renseignement personnel&nbsp;\u00bb, nous [&#8230;]<\/p>\n<p><a class=\"btn btn-secondary understrap-read-more-link\" href=\"https:\/\/vwgrs6j09qz.c.updraftclone.com\/fr\/confidentialite\/\">Read More&#8230;<span class=\"screen-reader-text\"> from Politique de confidentialit\u00e9<\/span><\/a><\/p>\n","protected":false},"author":4,"featured_media":0,"parent":0,"menu_order":0,"comment_status":"closed","ping_status":"closed","template":"","meta":{"_acf_changed":false,"footnotes":""},"class_list":["post-130","page","type-page","status-publish","hentry"],"acf":[],"_links":{"self":[{"href":"https:\/\/vwgrs6j09qz.c.updraftclone.com\/fr\/wp-json\/wp\/v2\/pages\/130","targetHints":{"allow":["GET"]}}],"collection":[{"href":"https:\/\/vwgrs6j09qz.c.updraftclone.com\/fr\/wp-json\/wp\/v2\/pages"}],"about":[{"href":"https:\/\/vwgrs6j09qz.c.updraftclone.com\/fr\/wp-json\/wp\/v2\/types\/page"}],"author":[{"embeddable":true,"href":"https:\/\/vwgrs6j09qz.c.updraftclone.com\/fr\/wp-json\/wp\/v2\/users\/4"}],"replies":[{"embeddable":true,"href":"https:\/\/vwgrs6j09qz.c.updraftclone.com\/fr\/wp-json\/wp\/v2\/comments?post=130"}],"version-history":[{"count":5,"href":"https:\/\/vwgrs6j09qz.c.updraftclone.com\/fr\/wp-json\/wp\/v2\/pages\/130\/revisions"}],"predecessor-version":[{"id":334,"href":"https:\/\/vwgrs6j09qz.c.updraftclone.com\/fr\/wp-json\/wp\/v2\/pages\/130\/revisions\/334"}],"wp:attachment":[{"href":"https:\/\/vwgrs6j09qz.c.updraftclone.com\/fr\/wp-json\/wp\/v2\/media?parent=130"}],"curies":[{"name":"wp","href":"https:\/\/api.w.org\/{rel}","templated":true}]}}